{"id":21466,"date":"2025-11-19T16:44:14","date_gmt":"2025-11-19T15:44:14","guid":{"rendered":"https:\/\/usuky.ch\/?post_type=product&#038;p=21466"},"modified":"2025-12-08T09:42:18","modified_gmt":"2025-12-08T08:42:18","slug":"coffret-pour-elle","status":"publish","type":"product","link":"https:\/\/usuky.ch\/de\/product\/coffret-pour-elle\/","title":{"rendered":"Coffret \u201cPour Elle\u201d"},"content":{"rendered":"<p data-start=\"987\" data-end=\"1033\">Un coffret \u00e9l\u00e9gant pour les f\u00eates comprenant :<\/p>\n<ul data-start=\"1039\" data-end=\"1205\">\n<li data-start=\"1039\" data-end=\"1059\">\n<p data-start=\"1041\" data-end=\"1059\">Foehn Rose Usuky<\/p>\n<\/li>\n<li data-start=\"1065\" data-end=\"1101\">\n<p data-start=\"1067\" data-end=\"1101\">Brosse M\u00e9li M\u00e9lo \u00c9dition Limit\u00e9e<\/p>\n<\/li>\n<li data-start=\"1107\" data-end=\"1137\">\n<p data-start=\"1109\" data-end=\"1137\">Fer \u00e0 lisser Neo Neox Lila<\/p>\n<\/li>\n<li data-start=\"1143\" data-end=\"1167\">\n<p data-start=\"1145\" data-end=\"1167\">Brosse Pro Flex Rose<\/p>\n<\/li>\n<li data-start=\"1173\" data-end=\"1200\">\n<p data-start=\"1175\" data-end=\"1200\">Pinces Alligator Noires<\/p>\n<\/li>\n<\/ul>\n<p data-start=\"1211\" data-end=\"1272\">Valeur r\u00e9elle : <strong data-start=\"1227\" data-end=\"1238\">450 CHF<\/strong><br data-start=\"1238\" data-end=\"1241\" \/>Prix sp\u00e9cial : <strong data-start=\"1261\" data-end=\"1272\">299 CHF<\/strong><\/p>","protected":false},"excerpt":{"rendered":"<p>Un coffret \u00e9l\u00e9gant pour les f\u00eates comprenant : Foehn Rose Usuky Brosse M\u00e9li M\u00e9lo \u00c9dition&hellip;<\/p>","protected":false},"featured_media":21513,"template":"","meta":[],"product_brand":[],"product_cat":[277],"product_tag":[],"class_list":{"0":"post-21466","1":"product","2":"type-product","3":"status-publish","4":"has-post-thumbnail","6":"product_cat-coffrets-cadeaux","8":"first","9":"instock","10":"sale","11":"shipping-taxable","12":"purchasable","13":"product-type-bundle"},"bundled_by":[],"bundle_stock_status":"instock","bundle_stock_quantity":"","bundle_virtual":false,"bundle_layout":"default","bundle_add_to_cart_form_location":"default","bundle_editable_in_cart":false,"bundle_sold_individually_context":"product","bundle_item_grouping":"parent","bundle_min_size":"","bundle_max_size":"","bundle_price":{"price":{"min":{"incl_tax":"299","excl_tax":"299"},"max":{"incl_tax":"299","excl_tax":"299"}},"regular_price":{"min":{"incl_tax":"450","excl_tax":"450"},"max":{"incl_tax":"450","excl_tax":"450"}}},"bundled_items":[{"bundled_item_id":76,"product_id":21078,"menu_order":0,"quantity_min":1,"quantity_max":1,"quantity_default":1,"priced_individually":false,"shipped_individually":false,"override_title":false,"title":"S\u00e8che-cheveux \/ Foehn professionnel","override_description":false,"description":"","optional":false,"hide_thumbnail":false,"discount":"","override_variations":true,"allowed_variations":[21274],"override_default_variation_attributes":true,"default_variation_attributes":[{"id":2,"name":"Couleur","option":"rose"}],"single_product_visibility":"visible","cart_visibility":"visible","order_visibility":"visible","single_product_price_visibility":"visible","cart_price_visibility":"visible","order_price_visibility":"visible","stock_status":"in_stock"},{"bundled_item_id":77,"product_id":21499,"menu_order":1,"quantity_min":1,"quantity_max":1,"quantity_default":1,"priced_individually":false,"shipped_individually":false,"override_title":false,"title":"Brosse m\u00e9li m\u00e9lo M\u00e9taverse \u00e9dition limit\u00e9e","override_description":false,"description":"","optional":false,"hide_thumbnail":false,"discount":"","override_variations":false,"allowed_variations":[],"override_default_variation_attributes":false,"default_variation_attributes":[],"single_product_visibility":"visible","cart_visibility":"visible","order_visibility":"visible","single_product_price_visibility":"visible","cart_price_visibility":"visible","order_price_visibility":"visible","stock_status":"in_stock"},{"bundled_item_id":78,"product_id":21501,"menu_order":2,"quantity_min":1,"quantity_max":1,"quantity_default":1,"priced_individually":false,"shipped_individually":false,"override_title":false,"title":"Brosse pro flex rose S","override_description":false,"description":"","optional":false,"hide_thumbnail":false,"discount":"","override_variations":false,"allowed_variations":[],"override_default_variation_attributes":false,"default_variation_attributes":[],"single_product_visibility":"visible","cart_visibility":"visible","order_visibility":"visible","single_product_price_visibility":"visible","cart_price_visibility":"visible","order_price_visibility":"visible","stock_status":"in_stock"},{"bundled_item_id":79,"product_id":21506,"menu_order":3,"quantity_min":1,"quantity_max":1,"quantity_default":1,"priced_individually":false,"shipped_individually":false,"override_title":false,"title":"Fer \u00e0 lisser en c\u00e9ramique \u2013 Neo Neox Lila \u2022 \u00c9dition Limit\u00e9e","override_description":false,"description":"","optional":false,"hide_thumbnail":false,"discount":"","override_variations":false,"allowed_variations":[],"override_default_variation_attributes":false,"default_variation_attributes":[],"single_product_visibility":"visible","cart_visibility":"visible","order_visibility":"visible","single_product_price_visibility":"visible","cart_price_visibility":"visible","order_price_visibility":"visible","stock_status":"in_stock"},{"bundled_item_id":80,"product_id":21509,"menu_order":4,"quantity_min":1,"quantity_max":1,"quantity_default":1,"priced_individually":false,"shipped_individually":false,"override_title":false,"title":"Les pinces alligator noires","override_description":false,"description":"","optional":false,"hide_thumbnail":false,"discount":"","override_variations":false,"allowed_variations":[],"override_default_variation_attributes":false,"default_variation_attributes":[],"single_product_visibility":"visible","cart_visibility":"visible","order_visibility":"visible","single_product_price_visibility":"visible","cart_price_visibility":"visible","order_price_visibility":"visible","stock_status":"in_stock"}],"bundle_sell_ids":[],"_links":{"self":[{"href":"https:\/\/usuky.ch\/de\/wp-json\/wp\/v2\/product\/21466","targetHints":{"allow":["GET"]}}],"collection":[{"href":"https:\/\/usuky.ch\/de\/wp-json\/wp\/v2\/product"}],"about":[{"href":"https:\/\/usuky.ch\/de\/wp-json\/wp\/v2\/types\/product"}],"wp:featuredmedia":[{"embeddable":true,"href":"https:\/\/usuky.ch\/de\/wp-json\/wp\/v2\/media\/21513"}],"wp:attachment":[{"href":"https:\/\/usuky.ch\/de\/wp-json\/wp\/v2\/media?parent=21466"}],"wp:term":[{"taxonomy":"product_brand","embeddable":true,"href":"https:\/\/usuky.ch\/de\/wp-json\/wp\/v2\/product_brand?post=21466"},{"taxonomy":"product_cat","embeddable":true,"href":"https:\/\/usuky.ch\/de\/wp-json\/wp\/v2\/product_cat?post=21466"},{"taxonomy":"product_tag","embeddable":true,"href":"https:\/\/usuky.ch\/de\/wp-json\/wp\/v2\/product_tag?post=21466"}],"curies":[{"name":"wp","href":"https:\/\/api.w.org\/{rel}","templated":true}]}}