{"id":21360,"date":"2025-05-21T15:02:41","date_gmt":"2025-05-21T13:02:41","guid":{"rendered":"https:\/\/usuky.ch\/?post_type=product&#038;p=21360"},"modified":"2025-07-04T10:35:59","modified_gmt":"2025-07-04T08:35:59","slug":"sibel-tunique-flexi-noir","status":"publish","type":"product","link":"https:\/\/usuky.ch\/de\/product\/sibel-tunique-flexi-noir\/","title":{"rendered":"SIBEL Tunique Flexi Noir"},"content":{"rendered":"<p>Kimono \u00e0 manches courtes ou longues, avec poches lat\u00e9rales et fermeture \u00e0 ruban. Con\u00e7u en polyester robuste, il est id\u00e9al pour un usage quotidien en salon.<br data-start=\"870\" data-end=\"873\" \/>\u2714\ufe0f Mati\u00e8re : polyester<br data-start=\"897\" data-end=\"900\" \/>\u2714\ufe0f Hydrofuge, respirant et facile \u00e0 laver<br data-start=\"943\" data-end=\"946\" \/>\u2714\ufe0f Taille unique ajust\u00e9e par ruban<br data-start=\"982\" data-end=\"985\" \/>\u2714\ufe0f Disponible en 3 tailles<br data-start=\"1013\" data-end=\"1016\" \/>\u2714\ufe0f Packaging sans plastique<\/p>","protected":false},"excerpt":{"rendered":"<p>Kimono \u00e0 manches courtes ou longues, avec poches lat\u00e9rales et fermeture \u00e0 ruban. Con\u00e7u en&hellip;<\/p>","protected":false},"featured_media":21361,"template":"","meta":[],"product_brand":[],"product_cat":[197],"product_tag":[],"class_list":{"0":"post-21360","1":"product","2":"type-product","3":"status-publish","4":"has-post-thumbnail","6":"product_cat-accessoires","8":"first","9":"instock","10":"shipping-taxable","11":"purchasable","12":"product-type-variable"},"bundled_by":[],"bundle_stock_status":"instock","bundle_stock_quantity":null,"bundle_virtual":false,"bundle_layout":"","bundle_add_to_cart_form_location":"","bundle_editable_in_cart":false,"bundle_sold_individually_context":"","bundle_item_grouping":"","bundle_min_size":"","bundle_max_size":"","bundle_price":[],"bundled_items":[],"bundle_sell_ids":[],"_links":{"self":[{"href":"https:\/\/usuky.ch\/de\/wp-json\/wp\/v2\/product\/21360","targetHints":{"allow":["GET"]}}],"collection":[{"href":"https:\/\/usuky.ch\/de\/wp-json\/wp\/v2\/product"}],"about":[{"href":"https:\/\/usuky.ch\/de\/wp-json\/wp\/v2\/types\/product"}],"wp:featuredmedia":[{"embeddable":true,"href":"https:\/\/usuky.ch\/de\/wp-json\/wp\/v2\/media\/21361"}],"wp:attachment":[{"href":"https:\/\/usuky.ch\/de\/wp-json\/wp\/v2\/media?parent=21360"}],"wp:term":[{"taxonomy":"product_brand","embeddable":true,"href":"https:\/\/usuky.ch\/de\/wp-json\/wp\/v2\/product_brand?post=21360"},{"taxonomy":"product_cat","embeddable":true,"href":"https:\/\/usuky.ch\/de\/wp-json\/wp\/v2\/product_cat?post=21360"},{"taxonomy":"product_tag","embeddable":true,"href":"https:\/\/usuky.ch\/de\/wp-json\/wp\/v2\/product_tag?post=21360"}],"curies":[{"name":"wp","href":"https:\/\/api.w.org\/{rel}","templated":true}]}}