{"id":21355,"date":"2025-05-21T14:49:15","date_gmt":"2025-05-21T12:49:15","guid":{"rendered":"https:\/\/usuky.ch\/?post_type=product&#038;p=21355"},"modified":"2025-07-04T10:37:34","modified_gmt":"2025-07-04T08:37:34","slug":"sibel-cape-de-coupe-ultra-leger","status":"publish","type":"product","link":"https:\/\/usuky.ch\/de\/product\/sibel-cape-de-coupe-ultra-leger\/","title":{"rendered":"SIBEL Cape de coupe ultra l\u00e9ger"},"content":{"rendered":"<p>Le <strong data-start=\"751\" data-end=\"778\">col de coupe ULTRALIGHT<\/strong> est con\u00e7u pour offrir un confort sup\u00e9rieur aux clients en salon. Gr\u00e2ce \u00e0 son silicone doux et flexible, il \u00e9pouse parfaitement tous les types de cou.<br data-start=\"928\" data-end=\"931\" \/>\u2714\ufe0f Ultra-l\u00e9ger et souple<br data-start=\"957\" data-end=\"960\" \/>\u2714\ufe0f Fermeture magn\u00e9tique<br data-start=\"985\" data-end=\"988\" \/>\u2714\ufe0f Compatible avec cheveux mi-longs<br data-start=\"1025\" data-end=\"1028\" \/>\u2714\ufe0f Mati\u00e8re : silicone<br data-start=\"1051\" data-end=\"1054\" \/>\u2714\ufe0f Facile \u00e0 nettoyer et r\u00e9utiliser<br data-start=\"1090\" data-end=\"1093\" \/>\u2714\ufe0f Quantit\u00e9 : 1 pi\u00e8ce<\/p>","protected":false},"excerpt":{"rendered":"<p>Le col de coupe ULTRALIGHT est con\u00e7u pour offrir un confort sup\u00e9rieur aux clients en&hellip;<\/p>","protected":false},"featured_media":21358,"template":"","meta":[],"product_brand":[],"product_cat":[197],"product_tag":[],"class_list":{"0":"post-21355","1":"product","2":"type-product","3":"status-publish","4":"has-post-thumbnail","6":"product_cat-accessoires","8":"first","9":"instock","10":"shipping-taxable","11":"purchasable","12":"product-type-simple"},"bundled_by":[],"bundle_stock_status":"instock","bundle_stock_quantity":null,"bundle_virtual":false,"bundle_layout":"","bundle_add_to_cart_form_location":"","bundle_editable_in_cart":false,"bundle_sold_individually_context":"","bundle_item_grouping":"","bundle_min_size":"","bundle_max_size":"","bundle_price":[],"bundled_items":[],"bundle_sell_ids":[],"_links":{"self":[{"href":"https:\/\/usuky.ch\/de\/wp-json\/wp\/v2\/product\/21355","targetHints":{"allow":["GET"]}}],"collection":[{"href":"https:\/\/usuky.ch\/de\/wp-json\/wp\/v2\/product"}],"about":[{"href":"https:\/\/usuky.ch\/de\/wp-json\/wp\/v2\/types\/product"}],"wp:featuredmedia":[{"embeddable":true,"href":"https:\/\/usuky.ch\/de\/wp-json\/wp\/v2\/media\/21358"}],"wp:attachment":[{"href":"https:\/\/usuky.ch\/de\/wp-json\/wp\/v2\/media?parent=21355"}],"wp:term":[{"taxonomy":"product_brand","embeddable":true,"href":"https:\/\/usuky.ch\/de\/wp-json\/wp\/v2\/product_brand?post=21355"},{"taxonomy":"product_cat","embeddable":true,"href":"https:\/\/usuky.ch\/de\/wp-json\/wp\/v2\/product_cat?post=21355"},{"taxonomy":"product_tag","embeddable":true,"href":"https:\/\/usuky.ch\/de\/wp-json\/wp\/v2\/product_tag?post=21355"}],"curies":[{"name":"wp","href":"https:\/\/api.w.org\/{rel}","templated":true}]}}