{"id":21351,"date":"2025-05-21T14:32:54","date_gmt":"2025-05-21T12:32:54","guid":{"rendered":"https:\/\/usuky.ch\/?post_type=product&#038;p=21351"},"modified":"2025-06-25T09:51:22","modified_gmt":"2025-06-25T07:51:22","slug":"sibel-films-en-mousse-11cmx30cm-166pcs","status":"publish","type":"product","link":"https:\/\/usuky.ch\/de\/product\/sibel-films-en-mousse-11cmx30cm-166pcs\/","title":{"rendered":"SIBEL Films en mousse 11cmx30cm 166pcs"},"content":{"rendered":"<p>Le <strong data-start=\"710\" data-end=\"733\">papier Bubble M\u00e8che<\/strong> est con\u00e7u pour offrir un confort et une performance optimale durant les applications techniques en salon.<br data-start=\"839\" data-end=\"842\" \/>\u2714\ufe0f Poids ultra l\u00e9ger<br data-start=\"864\" data-end=\"867\" \/>\u2714\ufe0f Effet thermique renforc\u00e9 gr\u00e2ce \u00e0 la structure en bulle d\u2019air<br data-start=\"932\" data-end=\"935\" \/>\u2714\ufe0f Temps d\u2019\u00e9claircissement plus rapide<br data-start=\"975\" data-end=\"978\" \/>\u2714\ufe0f Mat\u00e9riau semi-transparent : permet de suivre l\u2019\u00e9volution de la d\u00e9coloration<br data-start=\"1058\" data-end=\"1061\" \/>\u2714\ufe0f Rouleau de 50 m, perfor\u00e9 en feuilles de 11 x 30 cm<br data-start=\"1116\" data-end=\"1119\" \/>\u2714\ufe0f Bo\u00eete distributrice pratique<\/p>","protected":false},"excerpt":{"rendered":"<p>Le papier Bubble M\u00e8che est con\u00e7u pour offrir un confort et une performance optimale durant&hellip;<\/p>","protected":false},"featured_media":21353,"template":"","meta":[],"product_brand":[],"product_cat":[240],"product_tag":[],"class_list":{"0":"post-21351","1":"product","2":"type-product","3":"status-publish","4":"has-post-thumbnail","6":"product_cat-consommables","8":"first","9":"instock","10":"shipping-taxable","11":"purchasable","12":"product-type-simple"},"bundled_by":[],"bundle_stock_status":"instock","bundle_stock_quantity":null,"bundle_virtual":false,"bundle_layout":"","bundle_add_to_cart_form_location":"","bundle_editable_in_cart":false,"bundle_sold_individually_context":"","bundle_item_grouping":"","bundle_min_size":"","bundle_max_size":"","bundle_price":[],"bundled_items":[],"bundle_sell_ids":[],"_links":{"self":[{"href":"https:\/\/usuky.ch\/de\/wp-json\/wp\/v2\/product\/21351","targetHints":{"allow":["GET"]}}],"collection":[{"href":"https:\/\/usuky.ch\/de\/wp-json\/wp\/v2\/product"}],"about":[{"href":"https:\/\/usuky.ch\/de\/wp-json\/wp\/v2\/types\/product"}],"wp:featuredmedia":[{"embeddable":true,"href":"https:\/\/usuky.ch\/de\/wp-json\/wp\/v2\/media\/21353"}],"wp:attachment":[{"href":"https:\/\/usuky.ch\/de\/wp-json\/wp\/v2\/media?parent=21351"}],"wp:term":[{"taxonomy":"product_brand","embeddable":true,"href":"https:\/\/usuky.ch\/de\/wp-json\/wp\/v2\/product_brand?post=21351"},{"taxonomy":"product_cat","embeddable":true,"href":"https:\/\/usuky.ch\/de\/wp-json\/wp\/v2\/product_cat?post=21351"},{"taxonomy":"product_tag","embeddable":true,"href":"https:\/\/usuky.ch\/de\/wp-json\/wp\/v2\/product_tag?post=21351"}],"curies":[{"name":"wp","href":"https:\/\/api.w.org\/{rel}","templated":true}]}}