{"id":21347,"date":"2025-05-21T14:14:30","date_gmt":"2025-05-21T12:14:30","guid":{"rendered":"https:\/\/usuky.ch\/?post_type=product&#038;p=21347"},"modified":"2025-05-21T14:14:30","modified_gmt":"2025-05-21T12:14:30","slug":"sibel-turbo-touch-detachant-de-couleur-pour-peau-500ml","status":"publish","type":"product","link":"https:\/\/usuky.ch\/de\/product\/sibel-turbo-touch-detachant-de-couleur-pour-peau-500ml\/","title":{"rendered":"SIBEL Turbo Touch D\u00e9tachant de Couleur pour Peau 500ml"},"content":{"rendered":"<p class=\"\" data-start=\"742\" data-end=\"975\">La lotion <strong data-start=\"752\" data-end=\"767\">Turbo Touch<\/strong> de Sibel est formul\u00e9e pour enlever efficacement les traces de coloration capillaire sur l\u2019\u00e9piderme. Gr\u00e2ce \u00e0 sa composition extra-douce, elle respecte la peau tout en assurant un nettoyage rapide et efficace.<\/p>\n<p class=\"\" data-start=\"980\" data-end=\"1113\">\u2714\ufe0f \u00c9limination express<br data-start=\"1002\" data-end=\"1005\" \/>\u2714\ufe0f Formule douce pour la peau<br data-start=\"1036\" data-end=\"1039\" \/>\u2714\ufe0f Flacon de 500 ml<br data-start=\"1060\" data-end=\"1063\" \/>\u2714\ufe0f Id\u00e9ale pour un usage professionnel en salon<\/p>","protected":false},"excerpt":{"rendered":"<p>La lotion Turbo Touch de Sibel est formul\u00e9e pour enlever efficacement les traces de coloration&hellip;<\/p>","protected":false},"featured_media":21349,"template":"","meta":[],"product_brand":[],"product_cat":[240],"product_tag":[],"class_list":{"0":"post-21347","1":"product","2":"type-product","3":"status-publish","4":"has-post-thumbnail","6":"product_cat-consommables","8":"first","9":"instock","10":"shipping-taxable","11":"purchasable","12":"product-type-simple"},"bundled_by":[],"bundle_stock_status":"instock","bundle_stock_quantity":null,"bundle_virtual":false,"bundle_layout":"","bundle_add_to_cart_form_location":"","bundle_editable_in_cart":false,"bundle_sold_individually_context":"","bundle_item_grouping":"","bundle_min_size":"","bundle_max_size":"","bundle_price":[],"bundled_items":[],"bundle_sell_ids":[],"_links":{"self":[{"href":"https:\/\/usuky.ch\/de\/wp-json\/wp\/v2\/product\/21347","targetHints":{"allow":["GET"]}}],"collection":[{"href":"https:\/\/usuky.ch\/de\/wp-json\/wp\/v2\/product"}],"about":[{"href":"https:\/\/usuky.ch\/de\/wp-json\/wp\/v2\/types\/product"}],"wp:featuredmedia":[{"embeddable":true,"href":"https:\/\/usuky.ch\/de\/wp-json\/wp\/v2\/media\/21349"}],"wp:attachment":[{"href":"https:\/\/usuky.ch\/de\/wp-json\/wp\/v2\/media?parent=21347"}],"wp:term":[{"taxonomy":"product_brand","embeddable":true,"href":"https:\/\/usuky.ch\/de\/wp-json\/wp\/v2\/product_brand?post=21347"},{"taxonomy":"product_cat","embeddable":true,"href":"https:\/\/usuky.ch\/de\/wp-json\/wp\/v2\/product_cat?post=21347"},{"taxonomy":"product_tag","embeddable":true,"href":"https:\/\/usuky.ch\/de\/wp-json\/wp\/v2\/product_tag?post=21347"}],"curies":[{"name":"wp","href":"https:\/\/api.w.org\/{rel}","templated":true}]}}