{"id":21334,"date":"2025-05-21T13:35:21","date_gmt":"2025-05-21T11:35:21","guid":{"rendered":"https:\/\/usuky.ch\/?post_type=product&#038;p=21334"},"modified":"2025-07-04T10:42:14","modified_gmt":"2025-07-04T08:42:14","slug":"sibel-gants-jetables-en-nitrile-noir-non-poudres-m-100pcs","status":"publish","type":"product","link":"https:\/\/usuky.ch\/de\/product\/sibel-gants-jetables-en-nitrile-noir-non-poudres-m-100pcs\/","title":{"rendered":"SIBEL Gants jetables en nitrile noir non-poudr\u00e9s M 100pcs"},"content":{"rendered":"<p>Ces gants noirs Nitrile AQL 1,5 sont une alternative parfaite au latex pour les professionnels sensibles. Con\u00e7us pour offrir confort, protection et pr\u00e9cision dans les gestes techniques, ils sont tr\u00e8s appr\u00e9ci\u00e9s dans les environnements exigeants comme les salons de coiffure.<br data-start=\"871\" data-end=\"874\" \/>\u2714\ufe0f Sans poudre<br data-start=\"892\" data-end=\"895\" \/>\u2714\ufe0f Flexibles &amp; r\u00e9sistants<br data-start=\"924\" data-end=\"927\" \/>\u2714\ufe0f Packaging sans plastique<br data-start=\"958\" data-end=\"961\" \/>\u2714\ufe0f Tailles disponibles : S, M, L<\/p>","protected":false},"excerpt":{"rendered":"<p>Ces gants noirs Nitrile AQL 1,5 sont une alternative parfaite au latex pour les professionnels&hellip;<\/p>","protected":false},"featured_media":21341,"template":"","meta":[],"product_brand":[],"product_cat":[240],"product_tag":[],"class_list":{"0":"post-21334","1":"product","2":"type-product","3":"status-publish","4":"has-post-thumbnail","6":"product_cat-consommables","8":"first","9":"instock","10":"shipping-taxable","11":"purchasable","12":"product-type-variable"},"bundled_by":[],"bundle_stock_status":"instock","bundle_stock_quantity":null,"bundle_virtual":false,"bundle_layout":"","bundle_add_to_cart_form_location":"","bundle_editable_in_cart":false,"bundle_sold_individually_context":"","bundle_item_grouping":"","bundle_min_size":"","bundle_max_size":"","bundle_price":[],"bundled_items":[],"bundle_sell_ids":[],"_links":{"self":[{"href":"https:\/\/usuky.ch\/de\/wp-json\/wp\/v2\/product\/21334","targetHints":{"allow":["GET"]}}],"collection":[{"href":"https:\/\/usuky.ch\/de\/wp-json\/wp\/v2\/product"}],"about":[{"href":"https:\/\/usuky.ch\/de\/wp-json\/wp\/v2\/types\/product"}],"wp:featuredmedia":[{"embeddable":true,"href":"https:\/\/usuky.ch\/de\/wp-json\/wp\/v2\/media\/21341"}],"wp:attachment":[{"href":"https:\/\/usuky.ch\/de\/wp-json\/wp\/v2\/media?parent=21334"}],"wp:term":[{"taxonomy":"product_brand","embeddable":true,"href":"https:\/\/usuky.ch\/de\/wp-json\/wp\/v2\/product_brand?post=21334"},{"taxonomy":"product_cat","embeddable":true,"href":"https:\/\/usuky.ch\/de\/wp-json\/wp\/v2\/product_cat?post=21334"},{"taxonomy":"product_tag","embeddable":true,"href":"https:\/\/usuky.ch\/de\/wp-json\/wp\/v2\/product_tag?post=21334"}],"curies":[{"name":"wp","href":"https:\/\/api.w.org\/{rel}","templated":true}]}}