{"id":21305,"date":"2025-05-14T10:39:52","date_gmt":"2025-05-14T08:39:52","guid":{"rendered":"https:\/\/usuky.ch\/?post_type=product&#038;p=21305"},"modified":"2025-05-14T17:00:40","modified_gmt":"2025-05-14T15:00:40","slug":"tondeuse-ultron-nuska","status":"publish","type":"product","link":"https:\/\/usuky.ch\/de\/product\/tondeuse-ultron-nuska\/","title":{"rendered":"Tondeuse ULTRON Nuska"},"content":{"rendered":"<p>Tondeuse de finition sans fil pour une utilisation dans les salons de coiffure. La t\u00eate en acier inoxydable garantit une grande pr\u00e9cision en un seul mouvement. La vitesse est r\u00e9glable de 5000 \u00e0 6000 tours\/minute. L\u2019\u00e9cran LED affiche le niveau de charge des batteries et la vitesse actuelle. \u00c9quip\u00e9e d\u2019un moteur longue dur\u00e9e (800 heures) et d\u2019une batterie LiFePo4 600 mAh. 4 tailles de sabots inclus ainsi qu\u2019un support de charge.<br \/>\n\u2022 lame de coupe en acier inoxydable \u2022 affichage digital<br \/>\n\u2022 autonomie de 100 min, temps de charge de 1,5 heure<\/p>\n<p>\u2022 inclus : adaptateur, station de charge, brosse de nettoyage et burette<br \/>\nd\u2019huile<br \/>\n\u2022 3 niveaux RPM : 5000 &#8211; 6000<br \/>\n\u2022 longueur de coupe 0,4 mm<br \/>\n\u2022 2 sabots r\u00e9versibles (3\/4 mm et 5\/6 mm)<\/p>","protected":false},"excerpt":{"rendered":"<p>Tondeuse de finition sans fil pour une utilisation dans les salons de coiffure. La t\u00eate&hellip;<\/p>","protected":false},"featured_media":21300,"template":"","meta":[],"product_brand":[],"product_cat":[197],"product_tag":[],"class_list":{"0":"post-21305","1":"product","2":"type-product","3":"status-publish","4":"has-post-thumbnail","6":"product_cat-accessoires","8":"first","9":"instock","10":"shipping-taxable","11":"purchasable","12":"product-type-simple"},"bundled_by":[],"bundle_stock_status":"instock","bundle_stock_quantity":null,"bundle_virtual":false,"bundle_layout":"","bundle_add_to_cart_form_location":"","bundle_editable_in_cart":false,"bundle_sold_individually_context":"","bundle_item_grouping":"","bundle_min_size":"","bundle_max_size":"","bundle_price":[],"bundled_items":[],"bundle_sell_ids":[],"_links":{"self":[{"href":"https:\/\/usuky.ch\/de\/wp-json\/wp\/v2\/product\/21305","targetHints":{"allow":["GET"]}}],"collection":[{"href":"https:\/\/usuky.ch\/de\/wp-json\/wp\/v2\/product"}],"about":[{"href":"https:\/\/usuky.ch\/de\/wp-json\/wp\/v2\/types\/product"}],"wp:featuredmedia":[{"embeddable":true,"href":"https:\/\/usuky.ch\/de\/wp-json\/wp\/v2\/media\/21300"}],"wp:attachment":[{"href":"https:\/\/usuky.ch\/de\/wp-json\/wp\/v2\/media?parent=21305"}],"wp:term":[{"taxonomy":"product_brand","embeddable":true,"href":"https:\/\/usuky.ch\/de\/wp-json\/wp\/v2\/product_brand?post=21305"},{"taxonomy":"product_cat","embeddable":true,"href":"https:\/\/usuky.ch\/de\/wp-json\/wp\/v2\/product_cat?post=21305"},{"taxonomy":"product_tag","embeddable":true,"href":"https:\/\/usuky.ch\/de\/wp-json\/wp\/v2\/product_tag?post=21305"}],"curies":[{"name":"wp","href":"https:\/\/api.w.org\/{rel}","templated":true}]}}