{"id":21304,"date":"2025-05-14T10:33:54","date_gmt":"2025-05-14T08:33:54","guid":{"rendered":"https:\/\/usuky.ch\/?post_type=product&#038;p=21304"},"modified":"2025-05-14T16:46:48","modified_gmt":"2025-05-14T14:46:48","slug":"tondeuse-ultron-nuska-digital","status":"publish","type":"product","link":"https:\/\/usuky.ch\/de\/product\/tondeuse-ultron-nuska-digital\/","title":{"rendered":"Tondeuse ULTRON Nuska Digital"},"content":{"rendered":"<p>Tondeuse sans fil avec lames titane et c\u00e9ramique pour une utilisation en salon. Elle est super puissante et dispose de 4 niveaux de longueur de coupe, r\u00e9glage fait avec les boutons avant. Le grand \u00e9cran LCD vous montre tous les d\u00e9tails dont vous avez besoin pendant le travail. \u00c9quip\u00e9 d\u2019un moteur longue dur\u00e9e (plus de 800 heures) et d\u2019une batterie lithium-ion avec protection contre la surcharge. Son autonomie de 4 heures r\u00e9pond \u00e0 tous les besoins des salons et ses 5 niveaux de vitesse (5000-7000) conviennent \u00e0 tous les types de cheveux. 8 sabots de tailles diff\u00e9rentes inclus, ainsi qu\u2019un support de charge.<br \/>\n\u2022 lames de coupe en c\u00e9ramique et titane<\/p>\n<p>\u2022 4 niveaux de micro r\u00e9glage de la longueur<br \/>\n\u2022 capacit\u00e9 \u00e9lev\u00e9e de la batterie Li-Ion avec protection contre la surtension<\/p>\n<p>\u2022 4h d\u2019autonomie, 3h de charge<\/p>\n<p>\u2022 8 sabots inclus (3, 6, 9, 12, 15, 18, 21 et 25 mm)<br \/>\n\u2022 5 niveaux de RPM (5000-7000)<\/p>","protected":false},"excerpt":{"rendered":"<p>Tondeuse sans fil avec lames titane et c\u00e9ramique pour une utilisation en salon. Elle est&hellip;<\/p>","protected":false},"featured_media":21299,"template":"","meta":[],"product_brand":[],"product_cat":[197],"product_tag":[],"class_list":{"0":"post-21304","1":"product","2":"type-product","3":"status-publish","4":"has-post-thumbnail","6":"product_cat-accessoires","8":"first","9":"instock","10":"shipping-taxable","11":"purchasable","12":"product-type-simple"},"bundled_by":["21518"],"bundle_stock_status":"instock","bundle_stock_quantity":null,"bundle_virtual":false,"bundle_layout":"","bundle_add_to_cart_form_location":"","bundle_editable_in_cart":false,"bundle_sold_individually_context":"","bundle_item_grouping":"","bundle_min_size":"","bundle_max_size":"","bundle_price":[],"bundled_items":[],"bundle_sell_ids":[],"_links":{"self":[{"href":"https:\/\/usuky.ch\/de\/wp-json\/wp\/v2\/product\/21304","targetHints":{"allow":["GET"]}}],"collection":[{"href":"https:\/\/usuky.ch\/de\/wp-json\/wp\/v2\/product"}],"about":[{"href":"https:\/\/usuky.ch\/de\/wp-json\/wp\/v2\/types\/product"}],"wp:featuredmedia":[{"embeddable":true,"href":"https:\/\/usuky.ch\/de\/wp-json\/wp\/v2\/media\/21299"}],"wp:attachment":[{"href":"https:\/\/usuky.ch\/de\/wp-json\/wp\/v2\/media?parent=21304"}],"wp:term":[{"taxonomy":"product_brand","embeddable":true,"href":"https:\/\/usuky.ch\/de\/wp-json\/wp\/v2\/product_brand?post=21304"},{"taxonomy":"product_cat","embeddable":true,"href":"https:\/\/usuky.ch\/de\/wp-json\/wp\/v2\/product_cat?post=21304"},{"taxonomy":"product_tag","embeddable":true,"href":"https:\/\/usuky.ch\/de\/wp-json\/wp\/v2\/product_tag?post=21304"}],"curies":[{"name":"wp","href":"https:\/\/api.w.org\/{rel}","templated":true}]}}