{"id":21183,"date":"2024-04-25T14:50:35","date_gmt":"2024-04-25T12:50:35","guid":{"rendered":"https:\/\/usuky.ch\/?post_type=product&#038;p=21183"},"modified":"2024-05-04T19:32:07","modified_gmt":"2024-05-04T17:32:07","slug":"or","status":"publish","type":"product","link":"https:\/\/usuky.ch\/de\/product\/or\/","title":{"rendered":"OR"},"content":{"rendered":"<p>1 ciseaux de coupe et 1 effileur de la gamme standard, 1 ciseaux de coupe de gamme \u00e9conomique, 5 peignes (peigne en carbone queue m\u00e9tallique 23 cm, peigne en carbone queue plastique 22.5 cm, peigne petite coupe 18 cm, peigne grande coupe 21.5 cm, peigne d\u00e9m\u00ealoir 21 cm), 1 rasoir grande lame + 1 boite de 5 lames, + 1 feather + 1 boite de 10 lames + 1 mallette en Alu + 1 balais \u00e0 cou + 1 vaporisateur 300ml + 5 brosses rondes (diam. 19 mm, 25 mm, 31 mm 43 mm et 58mm) + 1 brosse sanglier + 1 brosse araign\u00e9e + 8 pinces crocodile (2XXL+4XL+2S) + 1 cape de coupe + 1 tondeuse sans fil avec lames titane et c\u00e9ramique + 8 sabots inclus (3, 6, 9, 12, 15, 18, 21 et 25 mm) + 1 S\u00e8che-cheveux \/ Foehn professionnel Usuky +2 buses d&#8217;ondulation et 1 diffuseur<\/p>","protected":false},"excerpt":{"rendered":"<p>1 ciseaux de coupe et 1 effileur de la gamme standard, 1 ciseaux de coupe&hellip;<\/p>","protected":false},"featured_media":21169,"template":"","meta":[],"product_brand":[],"product_cat":[226],"product_tag":[],"class_list":{"0":"post-21183","1":"product","2":"type-product","3":"status-publish","4":"has-post-thumbnail","6":"product_cat-apprentis","8":"first","9":"instock","10":"sale","11":"shipping-taxable","12":"purchasable","13":"product-type-simple"},"bundled_by":[],"bundle_stock_status":"instock","bundle_stock_quantity":null,"bundle_virtual":false,"bundle_layout":"","bundle_add_to_cart_form_location":"","bundle_editable_in_cart":false,"bundle_sold_individually_context":"","bundle_item_grouping":"","bundle_min_size":"","bundle_max_size":"","bundle_price":[],"bundled_items":[],"bundle_sell_ids":[],"_links":{"self":[{"href":"https:\/\/usuky.ch\/de\/wp-json\/wp\/v2\/product\/21183","targetHints":{"allow":["GET"]}}],"collection":[{"href":"https:\/\/usuky.ch\/de\/wp-json\/wp\/v2\/product"}],"about":[{"href":"https:\/\/usuky.ch\/de\/wp-json\/wp\/v2\/types\/product"}],"wp:featuredmedia":[{"embeddable":true,"href":"https:\/\/usuky.ch\/de\/wp-json\/wp\/v2\/media\/21169"}],"wp:attachment":[{"href":"https:\/\/usuky.ch\/de\/wp-json\/wp\/v2\/media?parent=21183"}],"wp:term":[{"taxonomy":"product_brand","embeddable":true,"href":"https:\/\/usuky.ch\/de\/wp-json\/wp\/v2\/product_brand?post=21183"},{"taxonomy":"product_cat","embeddable":true,"href":"https:\/\/usuky.ch\/de\/wp-json\/wp\/v2\/product_cat?post=21183"},{"taxonomy":"product_tag","embeddable":true,"href":"https:\/\/usuky.ch\/de\/wp-json\/wp\/v2\/product_tag?post=21183"}],"curies":[{"name":"wp","href":"https:\/\/api.w.org\/{rel}","templated":true}]}}