{"id":21078,"date":"2023-12-12T12:33:50","date_gmt":"2023-12-12T11:33:50","guid":{"rendered":"https:\/\/usuky.ch\/?post_type=product&#038;p=21078"},"modified":"2025-03-06T17:47:37","modified_gmt":"2025-03-06T16:47:37","slug":"seche-cheveux-foehn-professionnel","status":"publish","type":"product","link":"https:\/\/usuky.ch\/de\/product\/seche-cheveux-foehn-professionnel\/","title":{"rendered":"S\u00e8che-cheveux \/ Foehn professionnel"},"content":{"rendered":"<table>\n<tbody>\n<tr>\n<td><strong>Foehn professionnel haut de gamme derni\u00e8re g\u00e9n\u00e9ration :<\/strong><\/p>\n<p>\u2022 Design \u00e9l\u00e9gant et coiffage pr\u00e9cis<br \/>\n\u2022 Tiens parfaitement en main gr\u00e2ce \u00e0 son poids plume de 279 g<br \/>\n\u2022 3 modes: r\u00e9glage flux d&#8217;air et temp\u00e9rature<br \/>\n\u2022 Bouton pour mode froid imm\u00e9diat<br \/>\n\u2022 Moteur haute performance 11&#8217;000 \/tour \/min sans balais pour une puissance accrue<br \/>\n\u2022 Cheveux brillants et sains gr\u00e2ce aux ions n\u00e9gatifs<br \/>\n\u2022 Syst\u00e8me intelligent d&#8217;auto contr\u00f4le de la temp\u00e9rature<br \/>\n\u2022 Syst\u00e8me touch-feel intelligent control : d\u00e9tection de la prise en main<br \/>\n\u2022 C\u00e2ble de 3 m\u00e8tres<br \/>\n\u2022 Tension: 220-240 V<br \/>\n\u2022 Puissance: 1800 W<br \/>\n\u2022 C\u00e2ble d&#8217;alimentation avec rotation \u00e0 360\u00b0 brevet\u00e9 : plus aucun n\u0153ud<br \/>\n\u2022 2 buses d&#8217;ondulation et 1 diffuseur pour un style parfait<br \/>\n\u2022 1 sac de rangement<br \/>\n\u2022 Dimensions (LongueurxLargeurxHauteur): 16,8&#215;4,6&#215;19,2 cm<\/td>\n<\/tr>\n<\/tbody>\n<\/table>","protected":false},"excerpt":{"rendered":"<p>Foehn professionnel haut de gamme derni\u00e8re g\u00e9n\u00e9ration : \u2022 Design \u00e9l\u00e9gant et coiffage pr\u00e9cis \u2022&hellip;<\/p>","protected":false},"featured_media":21265,"template":"","meta":[],"product_brand":[],"product_cat":[197],"product_tag":[],"class_list":{"0":"post-21078","1":"product","2":"type-product","3":"status-publish","4":"has-post-thumbnail","6":"product_cat-accessoires","8":"first","9":"instock","10":"shipping-taxable","11":"purchasable","12":"product-type-variable","13":"has-default-attributes"},"bundled_by":["21466"],"bundle_stock_status":"instock","bundle_stock_quantity":null,"bundle_virtual":false,"bundle_layout":"","bundle_add_to_cart_form_location":"","bundle_editable_in_cart":false,"bundle_sold_individually_context":"","bundle_item_grouping":"","bundle_min_size":"","bundle_max_size":"","bundle_price":[],"bundled_items":[],"bundle_sell_ids":[],"_links":{"self":[{"href":"https:\/\/usuky.ch\/de\/wp-json\/wp\/v2\/product\/21078","targetHints":{"allow":["GET"]}}],"collection":[{"href":"https:\/\/usuky.ch\/de\/wp-json\/wp\/v2\/product"}],"about":[{"href":"https:\/\/usuky.ch\/de\/wp-json\/wp\/v2\/types\/product"}],"wp:featuredmedia":[{"embeddable":true,"href":"https:\/\/usuky.ch\/de\/wp-json\/wp\/v2\/media\/21265"}],"wp:attachment":[{"href":"https:\/\/usuky.ch\/de\/wp-json\/wp\/v2\/media?parent=21078"}],"wp:term":[{"taxonomy":"product_brand","embeddable":true,"href":"https:\/\/usuky.ch\/de\/wp-json\/wp\/v2\/product_brand?post=21078"},{"taxonomy":"product_cat","embeddable":true,"href":"https:\/\/usuky.ch\/de\/wp-json\/wp\/v2\/product_cat?post=21078"},{"taxonomy":"product_tag","embeddable":true,"href":"https:\/\/usuky.ch\/de\/wp-json\/wp\/v2\/product_tag?post=21078"}],"curies":[{"name":"wp","href":"https:\/\/api.w.org\/{rel}","templated":true}]}}