{"id":20541,"date":"2023-07-04T17:43:10","date_gmt":"2023-07-04T15:43:10","guid":{"rendered":"https:\/\/usuky.ch\/?post_type=product&#038;p=20541"},"modified":"2023-10-24T17:12:40","modified_gmt":"2023-10-24T15:12:40","slug":"duo-paire-de-ciseaux-professionnels-sw-55-et-effileur-sw-528-or-530-copie","status":"publish","type":"product","link":"https:\/\/usuky.ch\/de\/product\/duo-paire-de-ciseaux-professionnels-sw-55-et-effileur-sw-528-or-530-copie\/","title":{"rendered":"Duo paire de ciseaux professionnels SW55 et Effileur SW528"},"content":{"rendered":"<p>Paire de ciseaux professionnels, gamme \u00e9conomique, en acier et teflon, taille 5.5&#8242;, ergonomique 30\u00b0, avec vis barbering et porte doigt fixe + Paire de ciseaux effileur professionnels, type europ\u00e9en, gamme \u00e9conomique, en acier avec rev\u00eatement en teflon, taille 5.5&#8242;, ergonomique 30\u00b0, avec vis barbering et porte doigt fixe<\/p>","protected":false},"excerpt":{"rendered":"<p>Paire de ciseaux professionnels, gamme \u00e9conomique, en acier et teflon, taille 5.5&#8242;, ergonomique 30\u00b0, avec&hellip;<\/p>","protected":false},"featured_media":20540,"template":"","meta":[],"product_brand":[],"product_cat":[222,223],"product_tag":[],"class_list":{"0":"post-20541","1":"product","2":"type-product","3":"status-publish","4":"has-post-thumbnail","6":"product_cat-duos-et-promotions","7":"product_cat-economique-duos","9":"first","10":"instock","11":"shipping-taxable","12":"purchasable","13":"product-type-simple"},"bundled_by":[],"bundle_stock_status":"instock","bundle_stock_quantity":null,"bundle_virtual":false,"bundle_layout":"","bundle_add_to_cart_form_location":"","bundle_editable_in_cart":false,"bundle_sold_individually_context":"","bundle_item_grouping":"","bundle_min_size":"","bundle_max_size":"","bundle_price":[],"bundled_items":[],"bundle_sell_ids":[],"_links":{"self":[{"href":"https:\/\/usuky.ch\/de\/wp-json\/wp\/v2\/product\/20541","targetHints":{"allow":["GET"]}}],"collection":[{"href":"https:\/\/usuky.ch\/de\/wp-json\/wp\/v2\/product"}],"about":[{"href":"https:\/\/usuky.ch\/de\/wp-json\/wp\/v2\/types\/product"}],"wp:featuredmedia":[{"embeddable":true,"href":"https:\/\/usuky.ch\/de\/wp-json\/wp\/v2\/media\/20540"}],"wp:attachment":[{"href":"https:\/\/usuky.ch\/de\/wp-json\/wp\/v2\/media?parent=20541"}],"wp:term":[{"taxonomy":"product_brand","embeddable":true,"href":"https:\/\/usuky.ch\/de\/wp-json\/wp\/v2\/product_brand?post=20541"},{"taxonomy":"product_cat","embeddable":true,"href":"https:\/\/usuky.ch\/de\/wp-json\/wp\/v2\/product_cat?post=20541"},{"taxonomy":"product_tag","embeddable":true,"href":"https:\/\/usuky.ch\/de\/wp-json\/wp\/v2\/product_tag?post=20541"}],"curies":[{"name":"wp","href":"https:\/\/api.w.org\/{rel}","templated":true}]}}