{"id":20717,"date":"2023-07-12T22:00:38","date_gmt":"2023-07-12T20:00:38","guid":{"rendered":"https:\/\/usuky.ch\/?page_id=20717"},"modified":"2023-07-12T22:22:24","modified_gmt":"2023-07-12T20:22:24","slug":"politique-de-confidentialite","status":"publish","type":"page","link":"https:\/\/usuky.ch\/de\/politique-de-confidentialite\/","title":{"rendered":"Politique de confidentialit\u00e9"},"content":{"rendered":"<div data-elementor-type=\"wp-page\" data-elementor-id=\"20717\" class=\"elementor elementor-20717\">\n\t\t\t\t\t\t<section class=\"elementor-section elementor-top-section elementor-element elementor-element-52b39b53 elementor-section-boxed elementor-section-height-default elementor-section-height-default sc_fly_static\" data-id=\"52b39b53\" data-element_type=\"section\" data-e-type=\"section\">\n\t\t\t\t\t\t<div class=\"elementor-container elementor-column-gap-extended\">\n\t\t\t\t\t<div class=\"elementor-column elementor-col-100 elementor-top-column elementor-element elementor-element-3dbacdac sc_content_align_inherit sc_layouts_column_icons_position_left sc_fly_static\" data-id=\"3dbacdac\" data-element_type=\"column\" data-e-type=\"column\">\n\t\t\t<div class=\"elementor-widget-wrap elementor-element-populated\">\n\t\t\t\t\t\t<div class=\"elementor-element elementor-element-44f3578d sc_fly_static elementor-widget elementor-widget-text-editor\" data-id=\"44f3578d\" data-element_type=\"widget\" data-e-type=\"widget\" data-widget_type=\"text-editor.default\">\n\t\t\t\t<div class=\"elementor-widget-container\">\n\t\t\t\t\t\t\t\t\t<p>&nbsp;<\/p>\n<p><\/p>\n<p><\/p>\n<p><\/p>\n<p>Usuky S\u00e0rl, Rue de l&#8217;Ouriette 139, 1170 Aubonne est le responsable du traitement de vos donn\u00e9es personnelles collect\u00e9es dans le cadre de cette politique de confidentialit\u00e9.\u00a0<\/p>\n<p>Nous respectons votre vie priv\u00e9e et nous nous engageons \u00e0 une transparence totale quant \u00e0 la mani\u00e8re dont nous collectons, utilisons et partageons vos donn\u00e9es personnelles.<\/p>\n<p>La pr\u00e9sente politique de confidentialit\u00e9 vous informe comment nous traitons les donn\u00e9es personnelles que nous recueillons aupr\u00e8s de vous, que vous nous fournissez ou que nous pouvons recueillir aupr\u00e8s d\u2019autres sources. Cela comprend les diff\u00e9rentes fa\u00e7ons dont vous interagissez avec nous, notamment en personne, par courriel ou par t\u00e9l\u00e9phone, par l\u2019interm\u00e9diaire de notre site web, ou encore de nos pages sur les r\u00e9seaux sociaux.<\/p>\n<p>Pour toute question aff\u00e9rente \u00e0 vos donn\u00e9es personnelles, vous pouvez nous contacter en tout temps par courriel \u00e0 contact@usuky.ch. \u00a0\u00a0<\/p>\n<p>Cette politique de confidentialit\u00e9 a pour objectif :<\/p>\n<ul>\n<li>de lister les donn\u00e9es personnelles que nous collectons aupr\u00e8s de vous ;\u00a0<\/li>\n<li>d\u2019expliquer la finalit\u00e9 du traitement de ces donn\u00e9es et de pr\u00e9ciser sur quelles bases l\u00e9gales nous traitons ces donn\u00e9es ;<\/li>\n<li>d\u2019identifier avec qui ces donn\u00e9es sont partag\u00e9es ;<\/li>\n<li>d\u2019\u00e9noncer les mesures de s\u00e9curit\u00e9 que nous prenons en lien avec ces donn\u00e9es ;<\/li>\n<li>de vous informer de vos droits en ce qui concerne vos donn\u00e9es personnelles et de la mani\u00e8re dont vous pouvez les exercer ;<\/li>\n<\/ul>\n<div>\u00a0<\/div>\n<h2>Notre politique de confidentialit\u00e9<\/h2>\n<p><\/p>\n<p><\/p>\n<p>En interagissant avec nous ou en nous communiquant vos donn\u00e9es personnelles, vous acceptez les r\u00e8gles d\u00e9crites dans cette politique de confidentialit\u00e9. Si vous n\u2019acceptez pas ces r\u00e8gles, veuillez ne pas utiliser ou visiter notre site web ni nous fournir vos donn\u00e9es personnelles.<\/p>\n<p>\u2028Usuky S\u00e0rl se r\u00e9serve le droit d\u2019apporter des modifications \u00e0 cette politique de confidentialit\u00e9, qui seront effectives d\u00e8s leur publication sur notre site web. Veillez \u00e0 consulter notre site web r\u00e9guli\u00e8rement pour tout changement.\u00a0<\/p>\n<p>&nbsp;<\/p>\n<p><\/p>\n<p><!-- \/wp:list --><\/p>\n<p><!-- wp:paragraph --><\/p>\n<h2>Quelles donn\u00e9es personnelles collectons-nous?<\/h2>\n<p>Lorsque vous interagissez avec nous, par exemple via notre site web, nos comptes de m\u00e9dias sociaux, par courriel ou par t\u00e9l\u00e9phone, lorsque vous visitez nos locaux physiques ou lors d&#8217;\u00e9v\u00e9nements, nous pouvons \u00eatre amen\u00e9s \u00e0 collecter vos donn\u00e9es personnelles.\u00a0<\/p>\n<p>Nous ne collectons que les donn\u00e9es personnelles que vous nous communiquez, qui r\u00e9sultent de vos actions sur notre site web et\/ou dont nous avons besoin pour vous offrir ou am\u00e9liorer notre offre de produits, ou encore sur la base d\u2019un autre int\u00e9r\u00eat l\u00e9gitime :<\/p>\n<ul>\n<li><strong>Informations de contact et d\u2019identification<\/strong> telles que nom, pr\u00e9nom, adresse physique et\/ou \u00e9lectronique, num\u00e9ro de t\u00e9l\u00e9phone, employeur, poste occup\u00e9 dans l\u2019entreprise et\/ou section de l\u2019entreprise, ainsi que des m\u00e9tadonn\u00e9es de communication telles que votre adresse IP, la signature temporelle et, \u00e9ventuellement, des informations sur votre localisation g\u00e9ographique ;<\/li>\n<li><strong>Informations d\u2019identification,<\/strong> telles que nom d\u2019utilisateur, ID du compte, ainsi qu\u2019<strong>informations d\u2019authentification<\/strong>, telles que mots de passe et r\u00e9ponses aux questions de s\u00e9curit\u00e9. Si vous vous connectez \u00e0 notre site web en utilisant vos comptes de m\u00e9dias sociaux, nous pouvons \u00e9galement recueillir des informations d&#8217;identification et d&#8217;authentification pour ces comptes.\u00a0<\/li>\n<li><strong>Informations transactionnelles<\/strong>, telles que les d\u00e9tails de paiement (par exemple, les num\u00e9ros de carte de cr\u00e9dit ou de compte bancaire) et l&#8217;adresse de facturation ;\u00a0<\/li>\n<li><strong>Informations concernant vos pr\u00e9f\u00e9rences de produits, ainsi que votre langue<\/strong>, de mani\u00e8re facultative si vous vous abonnez \u00e0 l&#8217;un de nos canaux de communication ou de marketing (par ex. Newsletter); \u00a0<\/li>\n<li><strong>Informations issues de vos comptes de m\u00e9dias sociaux,<\/strong> tels que profils, photos, vid\u00e9os, stories, commentaires et autres contenus g\u00e9n\u00e9r\u00e9s par vous o\u00f9 nos marques et\/ou services sont mentionn\u00e9s ou apparaissent, lorsque vous autorisez un r\u00e9seau social tiers \u00e0 partager vos donn\u00e9es personnelles avec nous ou lorsque vous utilisez une fonctionnalit\u00e9\u0301 d\u2019un r\u00e9seau social qui est int\u00e9gr\u00e9e \u00e0 l\u2019un de notre site web ;\u00a0<\/li>\n<li><strong>Informations professionnelles<\/strong> si vous r\u00e9pondez \u00e0 une offre d\u2019emploi ou envoyez une candidature spontan\u00e9e, telles que les exp\u00e9riences professionnelles pr\u00e9c\u00e9dentes, les \u00e9tablissements \u00e9ducatifs fr\u00e9quent\u00e9s, les r\u00e9f\u00e9rences ou les certifications ;\u00a0<\/li>\n<li><strong>Informations de s\u00e9curit\u00e9<\/strong>, telles que photos ou vid\u00e9os de vous prises lors de vos visites \u00e0 nos guichets, capt\u00e9es par nos cam\u00e9ras de s\u00e9curit\u00e9.<\/li>\n<\/ul>\n<p>Nous utilisons aussi des cookies et autres technologies de suivi (par ex. pixels, balises web et APIs) qui collectent certains types d&#8217;informations lorsque vous interagissez avec nous sur notre site web ou via nos pages de m\u00e9dias sociaux, tels que l\u2019adresses IP, la localisation, les appareils ou pr\u00e9f\u00e9rences de navigation, le syst\u00e8me d&#8217;exploitation, la source, la dur\u00e9e de la visite, les pages consult\u00e9es, etc. Pour de plus amples renseignements, veuillez consulter notre notice sur les cookies. \u00a0<\/p>\n<p><span style=\"background-color: var(--theme-color-bg_color);\">Nous pouvons \u00e9galement recueillir des donn\u00e9es personnelles provenant notamment d\u2019agr\u00e9gateurs de donn\u00e9es de tiers (par ex. Google), partenaires promotionnels, sources publiques et plateformes de r\u00e9seaux sociaux. Ces informations peuvent inclure des donn\u00e9es personnelles de votre profil sur un r\u00e9seau social et dont vous autorisez ce r\u00e9seau \u00e0 nous communiquer conform\u00e9ment \u00e0 leurs r\u00e8gles.<\/span>\u00a0<\/p>\n<h2 style=\"letter-spacing: normal;\">Pourquoi collectons-nous vos donn\u00e9es personnelles et sur quelles bases l\u00e9gales<\/h2>\n<p>Nous collectons et utilisons vos donn\u00e9es personnelles afin :<\/p>\n<ul>\n<li>de vous fournir notre offre de produits ;<\/li>\n<li>d\u2019effectuer des transactions commerciales avec vous lors de vos commandes;<\/li>\n<li>de vous offrir des services de marketing et de communication pertinents en lien avec vos besoins et pr\u00e9f\u00e9rences ;<\/li>\n<li>de r\u00e9pondre \u00e0 vos questions et\/ou g\u00e9rer votre participation \u00e0 un concours ou un \u00e9v\u00e9nement que nous organisons;<\/li>\n<li>d\u2019optimiser votre exp\u00e9rience d\u2019utilisateur\/trice sur notre site web ;<\/li>\n<li>de r\u00e9pondre \u00e0 des demandes d&#8217;emploi, non sollicit\u00e9es ou autres ;<\/li>\n<li>de garantir la s\u00e9curit\u00e9 et la maintenance de notre site web et la s\u00e9curit\u00e9 de notre personnel et de nos clients ;<\/li>\n<li>de conserver des traces de nos activit\u00e9s afin de nous conformer \u00e0 nos obligations financi\u00e8res ou juridiques.<\/li>\n<\/ul>\n<p>Nous traitons vos donn\u00e9es sur <strong>une base pr\u00e9contractuelle et\/ou contractuelle<\/strong> lors de toutes vos interactions avec Usuky S\u00e0rl li\u00e9es \u00e0 des commandes de nos produits, incluant vos prises de contact avec nous ou vos demandes de renseignement, ainsi que toutes transactions commerciales y attenantes. Nous traiterons vos donn\u00e9es personnelles sur la m\u00eame base si vous participez \u00e0 un concours organis\u00e9 par Usuky S\u00e0rl, si vous r\u00e9pondez \u00e0 une offre d&#8217;emploi ou si vous nous envoyez une candidature spontan\u00e9e.<\/p>\n<p>Vous pouvez vous abonner \u00e0 nos communications et \u00e0 nos supports marketing, tels que notre Newsletter ou notre liste de mailing et, \u00e0 cet effet, vous avez \u00e9galement la possibilit\u00e9 de sp\u00e9cifier vos pr\u00e9f\u00e9rences de. produits. Dans ce cas, nous vous demanderons explicitement <strong>votre consentement<\/strong> pour traiter vos donn\u00e9es personnelles. Veuillez noter que vous pouvez exercer l&#8217;option de vous d\u00e9sabonner ou de retirer votre consentement \u00e0 tout moment en utilisant l\u2019option \u201cse d\u00e9sabonner\u201d ou en nous contactant \u00e0 <a href=\"mailto:contact@usuky.ch\">contact@usuky.ch<\/a>. Pour les questions de consentement li\u00e9es aux cookies, veuillez consulter notre notice sur les cookies.<\/p>\n<p>Il se peut de plus que nous vous informions de nouveaux produits diff\u00e9rents de ceux que vous avez command\u00e9s, mais adjacents, qui peuvent s\u2019av\u00e9rer utiles et avantageux pour vous. Dans ce cas, il est dans l\u2019<strong>int\u00e9r\u00eat l\u00e9gitime<\/strong> de notre entreprise, mais \u00e9galement du v\u00f4tre, que nous traitions vos informations de contact, vos pr\u00e9f\u00e9rences et int\u00e9r\u00eats, ainsi que des informations transactionnelles telles que l&#8217;historique de vos achats. Veuillez noter que dans ce cas, vous avez le droit d\u2019objecter au traitement en nous contactant \u00e0 <a href=\"mailto:contact@usuky.ch\">contact@usuky.ch<\/a>. Il est \u00e9galement dans notre int\u00e9r\u00eat l\u00e9gitime de traiter certaines de vos informations pour garantir la s\u00e9curit\u00e9 de nos locaux, de nos syst\u00e8mes informatiques, ainsi que de notre personnel et de nos clients.<\/p>\n<p>Enfin, nous avons des <strong>obligations l\u00e9gales<\/strong> en vertu du droit national et international. Afin de remplir nos obligations, nous traitons vos donn\u00e9es personnelles \u00e0 des fins de conformit\u00e9, afin de nous conformer \u00e0 nos obligations financi\u00e8res ou juridiques.<\/p>\n<p>&nbsp;<\/p>\n<h2>Avec qui partageons-nous vos donn\u00e9es personnelles<\/h2>\n<p><!-- \/wp:paragraph --><\/p>\n<p><!-- wp:paragraph --><\/p>\n<p>Nous ne vendons pas vos donn\u00e9es personnelles.<\/p>\n<p>Il est possible que nous partagions vos donn\u00e9es personnelles avec certains de nos fournisseurs de services (par ex. notre soci\u00e9t\u00e9 d\u2019h\u00e9bergement informatique, le centre d\u2019appel et le service de paiement par carte de cr\u00e9dit, le prestataire de mailings de confirmation des commandes), avec des partenaires commerciaux ou des agences de marketing et de communication (par ex. services d\u2019\u00e9dition et de distribution de la Newsletter), ou avec des autorit\u00e9s.<\/p>\n<p>Nous exigeons de ces tiers, s\u2019ils sont bas\u00e9s hors Suisse, de respecter toutes les lois relatives aux donn\u00e9es personnelles.<\/p>\n<p>Il se peut aussi que nous utilisions des plugins sur notre site web, renvoyant \u00e0 des plateformes de m\u00e9dias sociaux. L&#8217;utilisation par la plateforme tierce des informations recueillies aupr\u00e8s de vous (ou telles qu&#8217;autoris\u00e9es par vous) est r\u00e9gie par sa propre politique de confidentialit\u00e9 et vos param\u00e8tres sur le service. Si vous ne souhaitez pas qu\u2019un site de r\u00e9seau social tiers attribue les donn\u00e9es collect\u00e9es par l&#8217;interm\u00e9diaire de notre site web \u00e0 votre compte sur ce r\u00e9seau social, vous devez vous d\u00e9connecter du site du r\u00e9seau social concern\u00e9 avant de visiter notre site web.<\/p>\n<p><!-- \/wp:paragraph --><\/p>\n<p><!-- wp:paragraph --><\/p>\n<p>&nbsp;<\/p>\n<h2>Comment vos donn\u00e9es sont-elles stock\u00e9es, s\u00e9curis\u00e9es et conserv\u00e9es ?<\/h2>\n<p><!-- \/wp:paragraph --><\/p>\n<p><!-- wp:paragraph --><\/p>\n<p>Nous prenons toutes les pr\u00e9cautions techniques et organisationnelles raisonnables pour s\u00e9curiser vos donn\u00e9es personnelles contre toute perte, acc\u00e8s non-autoris\u00e9 et autre violation. Ces donn\u00e9es ne seront pas partag\u00e9es avec des tiers, sauf dans les cas pr\u00e9vus dans cette politique de confidentialit\u00e9.\u2028<\/p>\n<p>Lorsque les informations personnelles que nous recueillons ne sont plus requises pour une finalit\u00e9 donn\u00e9e ou sur la base d\u2019une exigence l\u00e9gale, nous les d\u00e9truisons ou les anonymisons.<\/p>\n<p>Nous nous engageons \u00e9galement \u00e0 ne pas conserver vos donn\u00e9es personnelles si vous deviez ne montrer aucun int\u00e9r\u00eat pour nos services pendant une p\u00e9riode d\u00e9finie apr\u00e8s la fin de votre derni\u00e8re prise de contact avec nous.<\/p>\n<p>&nbsp;<\/p>\n<h2>Vos droits &#8211; comment acc\u00e9der \u00e0 vos donn\u00e9es personnelles et demander leur rectification<\/h2>\n<p><!-- \/wp:paragraph --><\/p>\n<p><!-- wp:paragraph --><\/p>\n<p>Vous pouvez exercer vos droits en nous contactant simplement \u00e0 <a href=\"mailto:contact@usuky.ch\">contact@usuky.ch<\/a>.<\/p>\n<p>Vous pouvez demander l\u2019acc\u00e8s \u00e0 vos donn\u00e9es personnelles, ainsi que les corriger ou les mettre \u00e0 jour.<\/p>\n<p>Si le traitement est bas\u00e9 sur votre consentement, vous avez le droit de le retirer en tout temps. Vous pouvez d\u2019ailleurs vous d\u00e9sabonner de notre Newsletter pour ne plus recevoir de communications marketing de notre part en utilisant l\u2019option \u201cse d\u00e9sabonner\u201d ou en nous contactant \u00e0 <a href=\"mailto:contact@usuky.ch\">contact@usuky.ch<\/a>.<\/p>\n<p>Si le traitement est bas\u00e9 sur l\u2019int\u00e9r\u00eat l\u00e9gitime, vous avez le droit d\u2019objecter au traitement.<\/p>\n<p>Pour nous aider \u00e0 traiter votre demande, veuillez nous fournir vos coordonn\u00e9es compl\u00e8tes, afin que nous puissions vous identifier de mani\u00e8re s\u00e9cure.<\/p>\n<p>Vous pouvez \u00e9galement limiter l&#8217;utilisation des technologies de suivi, tels que les cookies, en configurant votre navigateur pour qu&#8217;il vous avertisse avant de les accepter, ou vous pouvez simplement le configurer pour les refuser.<\/p>\n<p>Dans le cas o\u00f9 vous estimeriez que nous ne respectons pas vos droits ou nos obligations, vous pourrez directement effectuer une r\u00e9clamation aupr\u00e8s des autorit\u00e9s de protection des donn\u00e9es en Suisse.<\/p>\n<p>La politique de confidentialit\u00e9 et toutes questions en d\u00e9coulant ou li\u00e9es \u00e0 celle-ci sont r\u00e9gies par le droit suisse. Vous acceptez la comp\u00e9tence exclusive des tribunaux du si\u00e8ge de Usuky S\u00e0rl.<\/p>\n<p><!-- \/wp:paragraph --><\/p>\t\t\t\t\t\t\t\t<\/div>\n\t\t\t\t<\/div>\n\t\t\t\t\t<\/div>\n\t\t<\/div>\n\t\t\t\t\t<\/div>\n\t\t<\/section>\n\t\t\t\t<\/div>","protected":false},"excerpt":{"rendered":"<p>&nbsp; Usuky S\u00e0rl, Rue de l&#8217;Ouriette 139, 1170 Aubonne est le responsable du traitement de&hellip;<\/p>","protected":false},"author":3,"featured_media":0,"parent":0,"menu_order":0,"comment_status":"closed","ping_status":"closed","template":"","meta":{"footnotes":""},"class_list":["post-20717","page","type-page","status-publish","hentry"],"_links":{"self":[{"href":"https:\/\/usuky.ch\/de\/wp-json\/wp\/v2\/pages\/20717","targetHints":{"allow":["GET"]}}],"collection":[{"href":"https:\/\/usuky.ch\/de\/wp-json\/wp\/v2\/pages"}],"about":[{"href":"https:\/\/usuky.ch\/de\/wp-json\/wp\/v2\/types\/page"}],"author":[{"embeddable":true,"href":"https:\/\/usuky.ch\/de\/wp-json\/wp\/v2\/users\/3"}],"replies":[{"embeddable":true,"href":"https:\/\/usuky.ch\/de\/wp-json\/wp\/v2\/comments?post=20717"}],"version-history":[{"count":10,"href":"https:\/\/usuky.ch\/de\/wp-json\/wp\/v2\/pages\/20717\/revisions"}],"predecessor-version":[{"id":20730,"href":"https:\/\/usuky.ch\/de\/wp-json\/wp\/v2\/pages\/20717\/revisions\/20730"}],"wp:attachment":[{"href":"https:\/\/usuky.ch\/de\/wp-json\/wp\/v2\/media?parent=20717"}],"curies":[{"name":"wp","href":"https:\/\/api.w.org\/{rel}","templated":true}]}}