{"id":20712,"date":"2023-07-12T21:52:12","date_gmt":"2023-07-12T19:52:12","guid":{"rendered":"https:\/\/usuky.ch\/?page_id=20712"},"modified":"2023-07-12T21:58:18","modified_gmt":"2023-07-12T19:58:18","slug":"mentions-legales","status":"publish","type":"page","link":"https:\/\/usuky.ch\/de\/mentions-legales\/","title":{"rendered":"Mentions L\u00e9gales"},"content":{"rendered":"<div data-elementor-type=\"wp-page\" data-elementor-id=\"20712\" class=\"elementor elementor-20712\">\n\t\t\t\t\t\t<section class=\"elementor-section elementor-top-section elementor-element elementor-element-52b39b53 elementor-section-boxed elementor-section-height-default elementor-section-height-default sc_fly_static\" data-id=\"52b39b53\" data-element_type=\"section\" data-e-type=\"section\">\n\t\t\t\t\t\t<div class=\"elementor-container elementor-column-gap-extended\">\n\t\t\t\t\t<div class=\"elementor-column elementor-col-100 elementor-top-column elementor-element elementor-element-3dbacdac sc_content_align_inherit sc_layouts_column_icons_position_left sc_fly_static\" data-id=\"3dbacdac\" data-element_type=\"column\" data-e-type=\"column\">\n\t\t\t<div class=\"elementor-widget-wrap elementor-element-populated\">\n\t\t\t\t\t\t<div class=\"elementor-element elementor-element-44f3578d sc_fly_static elementor-widget elementor-widget-text-editor\" data-id=\"44f3578d\" data-element_type=\"widget\" data-e-type=\"widget\" data-widget_type=\"text-editor.default\">\n\t\t\t\t<div class=\"elementor-widget-container\">\n\t\t\t\t\t\t\t\t\t<p><\/p>\n<p><\/p>\n<p><\/p>\n<p><\/p>\n<p>Ce site web est exploit\u00e9 par la soci\u00e9t\u00e9 Usuky S\u00e0rl, Rue de l&#8217;Ouriette 139, 1170 Aubonne, soci\u00e9t\u00e9 immatricul\u00e9e au Registre du Commerce, CHE-103.396.114.<span>&nbsp;<\/span><\/p>\n<p>Vous pouvez nous joindre par e-mail \u00e0 <a href=\"mailto:contact@usuky.ch\">contact@usuky.ch<\/a> et au num\u00e9ro de t\u00e9l\u00e9phone suivant : <a href=\"tel:+41218072465\">021 807 2465<\/a>.<span>&nbsp;<\/span><\/p>\n<p>En utilisant et en naviguant sur notre site web, vous acceptez d\u2019\u00eatre li\u00e9s \u00e0 nos mentions l\u00e9gales.<span>&nbsp;<\/span><\/p>\n<h2>Propri\u00e9t\u00e9 intellectuelle<\/h2>\n<p><\/p>\n<p><\/p>\n<p>Le contenu de notre site web, sa structure g\u00e9n\u00e9rale, les photographies et les images, les vid\u00e9os, les infographies, les textes et autres documents dont notre site web est compos\u00e9 sont de notre propri\u00e9t\u00e9 exclusive ou sont utilis\u00e9s avec la permission de leurs titulaires et sont prot\u00e9g\u00e9s par des droits d\u2019auteur, droits de marque et autres droits de propri\u00e9t\u00e9 intellectuelle.<\/p>\n<p>Toute repr\u00e9sentation ou reproduction totale ou partielle de notre site web ou de son contenu, par quelque proc\u00e9d\u00e9 que ce soit, sans avoir obtenu notre autorisation pr\u00e9alable expresse est interdite et constituerait une contrefa\u00e7on sanctionn\u00e9e la loi.<\/p>\n<p><\/p>\n<p><\/p>\n<p><!-- \/wp:list --><\/p>\n<p><!-- wp:paragraph --><\/p>\n<h2>License d&#8217;utilisation<\/h2>\n<p>Le droit d\u2019usage conf\u00e9r\u00e9 \u00e0 l\u2019utilisateur sur notre site web est personnel et priv\u00e9. &nbsp;Toute repr\u00e9sentation, reproduction, diffusion ou autre usage du contenu du site web sur un quelconque support pour un usage commercial, sont prohib\u00e9s. Le droit d\u2019utilisation comprend uniquement l\u2019autorisation de consulter le site web et son contenu. Tout autre usage est soumis \u00e0 notre autorisation expresse pr\u00e9alable.&nbsp;<br><\/p>\n<h2 style=\"letter-spacing: normal;\">Limitation de responsabilit\u00e9<\/h2>\n<p>Malgr\u00e9 le fait que nous accordions \u00e9norm\u00e9ment d\u2019attention \u00e0 la cr\u00e9ation de notre site web, nous ne pouvons pas garantir l\u2019exactitude, ni le caract\u00e8re complet des informations publi\u00e9es.<\/p>\n<p>Nous ne pouvons \u00e9galement pas garantir que le site web et\/ou les serveurs qui l\u2019h\u00e9bergent fonctionneront sans interruptions, dysfonctionnements, erreurs, virus ou autres composants pr\u00e9judiciables ou que ces probl\u00e8mes pourront et seront r\u00e9solus.<\/p>\n<p>En utilisant et naviguant sur notre site web, vous consentez express\u00e9ment aux limitations de notre responsabilit\u00e9 pouvant r\u00e9sulter de l\u2019usage de notre site web.<\/p>\n<p><\/p>\n<h2>Liens vers d&#8217;autres site Internet<\/h2>\n<p><!-- \/wp:paragraph --><\/p>\n<p><!-- wp:paragraph --><\/p>\n<p>Le site web peut renvoyer \u00e0 d\u2019autres sites web de tiers, qui ne sont pas sous notre contr\u00f4le. Nous n\u2019assumons aucune responsabilit\u00e9 quant au contenu de sites tiers et les renvois de notre site web \u00e0 des sites tiers ne constitue pas une recommandation ou une approbation des opinions exprim\u00e9es en leur sein.<br><\/p>\n<p><!-- \/wp:paragraph --><\/p>\n<p><!-- wp:paragraph --><\/p>\n<p><\/p>\n<h2>Protection des donn\u00e9es<\/h2>\n<p><!-- \/wp:paragraph --><\/p>\n<p><!-- wp:paragraph --><\/p>\n<p>Nous nous engageons \u00e0 respecter vos donn\u00e9es personnelles. Pour plus d\u2019informations concernant la mani\u00e8re dont nous collectons, utilisons et partageons vos donn\u00e9es, vous pouvez consulter notre politique de confidentialit\u00e9.<\/p>\n<p><!-- \/wp:paragraph --><\/p>\t\t\t\t\t\t\t\t<\/div>\n\t\t\t\t<\/div>\n\t\t\t\t\t<\/div>\n\t\t<\/div>\n\t\t\t\t\t<\/div>\n\t\t<\/section>\n\t\t\t\t<\/div>","protected":false},"excerpt":{"rendered":"<p>Ce site web est exploit\u00e9 par la soci\u00e9t\u00e9 Usuky S\u00e0rl, Rue de l&#8217;Ouriette 139, 1170&hellip;<\/p>","protected":false},"author":3,"featured_media":0,"parent":0,"menu_order":0,"comment_status":"closed","ping_status":"closed","template":"","meta":{"footnotes":""},"class_list":["post-20712","page","type-page","status-publish","hentry"],"_links":{"self":[{"href":"https:\/\/usuky.ch\/de\/wp-json\/wp\/v2\/pages\/20712","targetHints":{"allow":["GET"]}}],"collection":[{"href":"https:\/\/usuky.ch\/de\/wp-json\/wp\/v2\/pages"}],"about":[{"href":"https:\/\/usuky.ch\/de\/wp-json\/wp\/v2\/types\/page"}],"author":[{"embeddable":true,"href":"https:\/\/usuky.ch\/de\/wp-json\/wp\/v2\/users\/3"}],"replies":[{"embeddable":true,"href":"https:\/\/usuky.ch\/de\/wp-json\/wp\/v2\/comments?post=20712"}],"version-history":[{"count":4,"href":"https:\/\/usuky.ch\/de\/wp-json\/wp\/v2\/pages\/20712\/revisions"}],"predecessor-version":[{"id":20716,"href":"https:\/\/usuky.ch\/de\/wp-json\/wp\/v2\/pages\/20712\/revisions\/20716"}],"wp:attachment":[{"href":"https:\/\/usuky.ch\/de\/wp-json\/wp\/v2\/media?parent=20712"}],"curies":[{"name":"wp","href":"https:\/\/api.w.org\/{rel}","templated":true}]}}